{"id":55,"date":"2012-08-09T22:52:19","date_gmt":"2012-08-09T20:52:19","guid":{"rendered":"http:\/\/ogrodnictwoolesno.wordpress.com\/?page_id=55"},"modified":"2012-08-09T22:52:19","modified_gmt":"2012-08-09T20:52:19","slug":"o-nas","status":"publish","type":"page","link":"https:\/\/ogrodnictwo-olesno.pl\/?page_id=55","title":{"rendered":"O nas"},"content":{"rendered":"<p>Nasze Specjalistyczne Gospodarstwo Ogrodnicze Kupny istnieje od 1979 roku. Jeste\u015bmy rodzinn\u0105 firm\u0105. Naszym celem jest zapewnienie klientom produkt\u00f3w ogrodniczych najwy\u017cszej jako\u015bci, zar\u00f3wno kwiat\u00f3w jak i warzyw. Od pocz\u0105tku naszej dzia\u0142alno\u015bci \u0142\u0105czymy nowoczesne trendy w bran\u017cy z wiedz\u0105 i do\u015bwiadczeniem.<\/p>\n<p>W 2013 roku otrzymali\u015bmy wyr\u00f3\u017cnienie w konkursie na Najlepsze Gospodarstwo Rolne wojew\u00f3dztwa opolskiego w XX edycji konkursu AgroLiga. Nie mniej jednak najwi\u0119ksz\u0105 satysfakcj\u0119 dostarczaj\u0105 nam pi\u0119knie kwitn\u0105ce kwiaty, pyszne, naturalne warzywa oraz u\u015bmiechy zadowolonych klient\u00f3w.<\/p>\n\n\t\t<style type=\"text\/css\">\n\t\t\t#gallery-1 {\n\t\t\t\tmargin: auto;\n\t\t\t}\n\t\t\t#gallery-1 .gallery-item {\n\t\t\t\tfloat: left;\n\t\t\t\tmargin-top: 10px;\n\t\t\t\ttext-align: center;\n\t\t\t\twidth: 33%;\n\t\t\t}\n\t\t\t#gallery-1 img {\n\t\t\t\tborder: 2px solid #cfcfcf;\n\t\t\t}\n\t\t\t#gallery-1 .gallery-caption {\n\t\t\t\tmargin-left: 0;\n\t\t\t}\n\t\t\t\/* see gallery_shortcode() in wp-includes\/media.php *\/\n\t\t<\/style>\n\t\t<div id='gallery-1' class='gallery galleryid-55 gallery-columns-3 gallery-size-thumbnail'><dl class='gallery-item'>\n\t\t\t<dt class='gallery-icon landscape'>\n\t\t\t\t<a href='https:\/\/ogrodnictwo-olesno.pl\/?attachment_id=174'><img loading=\"lazy\" decoding=\"async\" width=\"150\" height=\"150\" src=\"https:\/\/ogrodnictwo-olesno.pl\/wp-content\/uploads\/2013\/07\/logo2-150x150.jpg\" class=\"attachment-thumbnail size-thumbnail\" alt=\"AgroLiga 2013\" \/><\/a>\n\t\t\t<\/dt><\/dl><dl class='gallery-item'>\n\t\t\t<dt class='gallery-icon portrait'>\n\t\t\t\t<a href='https:\/\/ogrodnictwo-olesno.pl\/?attachment_id=173'><img loading=\"lazy\" decoding=\"async\" width=\"150\" height=\"150\" src=\"https:\/\/ogrodnictwo-olesno.pl\/wp-content\/uploads\/2013\/07\/puchar-01_s1-150x150.jpg\" class=\"attachment-thumbnail size-thumbnail\" alt=\"\" \/><\/a>\n\t\t\t<\/dt><\/dl><dl class='gallery-item'>\n\t\t\t<dt class='gallery-icon portrait'>\n\t\t\t\t<a href='https:\/\/ogrodnictwo-olesno.pl\/?attachment_id=171'><img loading=\"lazy\" decoding=\"async\" width=\"150\" height=\"150\" src=\"https:\/\/ogrodnictwo-olesno.pl\/wp-content\/uploads\/2013\/07\/wyrozninie_s-150x150.png\" class=\"attachment-thumbnail size-thumbnail\" alt=\"\" \/><\/a>\n\t\t\t<\/dt><\/dl><br style=\"clear: both\" \/><dl class='gallery-item'>\n\t\t\t<dt class='gallery-icon landscape'>\n\t\t\t\t<a href='https:\/\/ogrodnictwo-olesno.pl\/?attachment_id=169'><img loading=\"lazy\" decoding=\"async\" width=\"150\" height=\"150\" src=\"https:\/\/ogrodnictwo-olesno.pl\/wp-content\/uploads\/2013\/07\/puchar-02_s-150x150.jpg\" class=\"attachment-thumbnail size-thumbnail\" alt=\"\" \/><\/a>\n\t\t\t<\/dt><\/dl>\n\t\t\t<br style='clear: both' \/>\n\t\t<\/div>\n\n<p>&nbsp;<\/p>\n<p style=\"text-align:right;\"><em>Urszula &amp; Joachim Kupny<\/em><\/p>\n","protected":false},"excerpt":{"rendered":"<p>Nasze Specjalistyczne Gospodarstwo Ogrodnicze Kupny istnieje od 1979 roku. Jeste\u015bmy rodzinn\u0105 firm\u0105. Naszym celem jest zapewnienie klientom produkt\u00f3w ogrodniczych najwy\u017cszej jako\u015bci, zar\u00f3wno kwiat\u00f3w jak i warzyw. Od pocz\u0105tku naszej dzia\u0142alno\u015bci \u0142\u0105czymy nowoczesne trendy w bran\u017cy z wiedz\u0105 i do\u015bwiadczeniem. W &hellip; <a href=\"https:\/\/ogrodnictwo-olesno.pl\/?page_id=55\">Czytaj dalej <span class=\"meta-nav\">&rarr;<\/span><\/a><\/p>\n","protected":false},"author":2,"featured_media":0,"parent":0,"menu_order":3,"comment_status":"closed","ping_status":"open","template":"","meta":{"footnotes":""},"class_list":["post-55","page","type-page","status-publish","hentry"],"_links":{"self":[{"href":"https:\/\/ogrodnictwo-olesno.pl\/index.php?rest_route=\/wp\/v2\/pages\/55","targetHints":{"allow":["GET"]}}],"collection":[{"href":"https:\/\/ogrodnictwo-olesno.pl\/index.php?rest_route=\/wp\/v2\/pages"}],"about":[{"href":"https:\/\/ogrodnictwo-olesno.pl\/index.php?rest_route=\/wp\/v2\/types\/page"}],"author":[{"embeddable":true,"href":"https:\/\/ogrodnictwo-olesno.pl\/index.php?rest_route=\/wp\/v2\/users\/2"}],"replies":[{"embeddable":true,"href":"https:\/\/ogrodnictwo-olesno.pl\/index.php?rest_route=%2Fwp%2Fv2%2Fcomments&post=55"}],"version-history":[{"count":0,"href":"https:\/\/ogrodnictwo-olesno.pl\/index.php?rest_route=\/wp\/v2\/pages\/55\/revisions"}],"wp:attachment":[{"href":"https:\/\/ogrodnictwo-olesno.pl\/index.php?rest_route=%2Fwp%2Fv2%2Fmedia&parent=55"}],"curies":[{"name":"wp","href":"https:\/\/api.w.org\/{rel}","templated":true}]}}