{"id":59,"date":"2012-08-09T22:53:51","date_gmt":"2012-08-09T20:53:51","guid":{"rendered":"http:\/\/ogrodnictwoolesno.wordpress.com\/?page_id=59"},"modified":"2024-04-18T06:34:46","modified_gmt":"2024-04-18T06:34:46","slug":"kontakt-2","status":"publish","type":"page","link":"https:\/\/ogrodnictwo-olesno.pl\/?page_id=59","title":{"rendered":"Kontakt"},"content":{"rendered":"<p>Specjalistyczne Gospodarstwo Ogrodnicze<br \/>Joachim Kupny<br \/>ul. S\u0142oneczna 6,\u00a0\u0141owosz\u00f3w<br \/>46-300 Olesno<\/p>\n<p>Tel.: +48 608 42 33 52<br \/>Tel.: +48 34 359 72 70<br \/>Fax: +48 34 359 72 70<\/p>\n<p>&nbsp;<\/p>\n\n\n<p>Jak do nas trafi\u0107 &#8211; interaktywna mapa:<\/p>\n\n\n\n<p><iframe src=\"https:\/\/www.google.com\/maps\/embed?pb=!1m18!1m12!1m3!1d20143.960947351614!2d18.325317609051808!3d50.86829011880171!2m3!1f0!2f0!3f0!3m2!1i1024!2i768!4f13.1!3m3!1m2!1s0x4710f316c66f4c1f%3A0x5f3bc6b098610fae!2sSpecjalistyczne%20Gospodarstwo%20Ogrodnicze%20Joachim%20Kupny!5e0!3m2!1spl!2spl!4v1713421951327!5m2!1spl!2spl\" width=\"600\" height=\"450\" style=\"border:0;\" allowfullscreen=\"\" loading=\"lazy\" referrerpolicy=\"no-referrer-when-downgrade\"><\/iframe><\/p>\n","protected":false},"excerpt":{"rendered":"<p>Specjalistyczne Gospodarstwo OgrodniczeJoachim Kupnyul. S\u0142oneczna 6,\u00a0\u0141owosz\u00f3w46-300 Olesno Tel.: +48 608 42 33 52Tel.: +48 34 359 72 70Fax: +48 34 359 72 70 &nbsp; Jak do nas trafi\u0107 &#8211; interaktywna mapa:<\/p>\n","protected":false},"author":2,"featured_media":0,"parent":0,"menu_order":4,"comment_status":"closed","ping_status":"open","template":"","meta":{"footnotes":""},"class_list":["post-59","page","type-page","status-publish","hentry"],"_links":{"self":[{"href":"https:\/\/ogrodnictwo-olesno.pl\/index.php?rest_route=\/wp\/v2\/pages\/59","targetHints":{"allow":["GET"]}}],"collection":[{"href":"https:\/\/ogrodnictwo-olesno.pl\/index.php?rest_route=\/wp\/v2\/pages"}],"about":[{"href":"https:\/\/ogrodnictwo-olesno.pl\/index.php?rest_route=\/wp\/v2\/types\/page"}],"author":[{"embeddable":true,"href":"https:\/\/ogrodnictwo-olesno.pl\/index.php?rest_route=\/wp\/v2\/users\/2"}],"replies":[{"embeddable":true,"href":"https:\/\/ogrodnictwo-olesno.pl\/index.php?rest_route=%2Fwp%2Fv2%2Fcomments&post=59"}],"version-history":[{"count":2,"href":"https:\/\/ogrodnictwo-olesno.pl\/index.php?rest_route=\/wp\/v2\/pages\/59\/revisions"}],"predecessor-version":[{"id":1162,"href":"https:\/\/ogrodnictwo-olesno.pl\/index.php?rest_route=\/wp\/v2\/pages\/59\/revisions\/1162"}],"wp:attachment":[{"href":"https:\/\/ogrodnictwo-olesno.pl\/index.php?rest_route=%2Fwp%2Fv2%2Fmedia&parent=59"}],"curies":[{"name":"wp","href":"https:\/\/api.w.org\/{rel}","templated":true}]}}